{"id":383,"date":"2025-09-16T17:47:20","date_gmt":"2025-09-16T21:47:20","guid":{"rendered":"https:\/\/www.ft.uto.edu.bo\/?page_id=383"},"modified":"2025-09-18T18:24:57","modified_gmt":"2025-09-18T22:24:57","slug":"f-t-d-i-c-y-t","status":"publish","type":"page","link":"https:\/\/www.ft.uto.edu.bo\/?page_id=383","title":{"rendered":"F.T &#8211; D.I.C.Y.T."},"content":{"rendered":"\n<p><\/p>\n\n\n\n<figure class=\"wp-block-image aligncenter size-full is-resized is-style-default wp-duotone-unset-1\"><img loading=\"lazy\" decoding=\"async\" width=\"1024\" height=\"1024\" src=\"https:\/\/www.ft.uto.edu.bo\/wp-content\/uploads\/2025\/09\/DICYT-FT-2025-logo.webp\" alt=\"\" class=\"wp-image-381\" style=\"width:318px;height:auto\" srcset=\"https:\/\/www.ft.uto.edu.bo\/wp-content\/uploads\/2025\/09\/DICYT-FT-2025-logo.webp 1024w, https:\/\/www.ft.uto.edu.bo\/wp-content\/uploads\/2025\/09\/DICYT-FT-2025-logo-300x300.webp 300w, https:\/\/www.ft.uto.edu.bo\/wp-content\/uploads\/2025\/09\/DICYT-FT-2025-logo-150x150.webp 150w, https:\/\/www.ft.uto.edu.bo\/wp-content\/uploads\/2025\/09\/DICYT-FT-2025-logo-768x768.webp 768w\" sizes=\"auto, (max-width: 1024px) 100vw, 1024px\" \/><\/figure>\n\n\n\n<p class=\"has-text-align-center has-medium-font-size\" style=\"text-decoration:underline\"><strong>MISI\u00d3N<\/strong><\/p>\n\n\n\n<p><p style=\"text-align: justify;\">Promover, coordinar y desarrollar actividades de investigaci\u00f3n cient\u00edfica, tecnol\u00f3gica e innovaci\u00f3n en las distintas \u00e1reas del conocimiento de la Facultad T\u00e9cnica, contribuyendo al avance del conocimiento, la soluci\u00f3n de problem\u00e1ticas locales, regionales y nacionales, y al fortalecimiento de la formaci\u00f3n acad\u00e9mica de estudiantes y docentes.<\/p><\/p>\n\n\n\n<p class=\"has-text-align-center has-medium-font-size\" style=\"text-decoration:underline\"><strong>VISI\u00d3N<\/strong><\/p>\n\n\n\n<p><p style=\"text-align: justify;\">Ser un referente regional y nacional en la generaci\u00f3n de conocimiento cient\u00edfico y tecnol\u00f3gico, promoviendo una cultura investigativa de excelencia, innovaci\u00f3n y compromiso con el desarrollo sostenible de la sociedad, contribuyendo activamente a la soluci\u00f3n de problem\u00e1ticas locales, nacionales e internacionales.&nbsp;<\/p><\/p>\n\n\n\n<div class=\"wp-block-group is-layout-grid wp-container-core-group-is-layout-478b6e6b wp-block-group-is-layout-grid\">\n<h6 class=\"wp-block-heading has-text-align-center has-ast-global-color-4-color has-vivid-red-background-color has-text-color has-background has-link-color wp-elements-74a75e33b28311f39e0535f66a0758ad wp-container-content-69bc4bdf\" style=\"border-radius:40px;font-style:normal;font-weight:600\">\ud83d\udcd6<br><br><a href=\"https:\/\/www.ft.uto.edu.bo\/?page_id=386\" data-type=\"page\" data-id=\"386\">LIBROS PUBLICADOS<\/a><\/h6>\n\n\n\n<h6 class=\"wp-block-heading has-text-align-center has-ast-global-color-4-color has-vivid-red-background-color has-text-color has-background has-link-color wp-elements-62d7d73b7f63950ccf39f826de4127a4\" style=\"border-radius:40px;font-style:normal;font-weight:600\">\ud83d\udcdd<br><br><a href=\"https:\/\/www.ft.uto.edu.bo\/?page_id=422\" data-type=\"page\" data-id=\"422\">ART\u00cdCULOS CIENT\u00cdFICOS<\/a><\/h6>\n\n\n\n<h6 class=\"wp-block-heading has-text-align-center has-ast-global-color-4-color has-vivid-red-background-color has-text-color has-background has-link-color wp-elements-21318d384be3e6c26fb5c5237f983c2e\" style=\"border-radius:40px;font-style:normal;font-weight:600\">\u00a9\ufe0f<br><br><a href=\"https:\/\/www.ft.uto.edu.bo\/?page_id=429\" data-type=\"page\" data-id=\"429\">PATENTES REGISTRADAS<\/a><\/h6>\n\n\n\n<h6 class=\"wp-block-heading has-text-align-center has-ast-global-color-4-color has-vivid-red-background-color has-text-color has-background has-link-color wp-elements-e19ac7d6ad9205c34a2f40e77e44ffad wp-container-content-69bc4bdf\" style=\"border-radius:40px;font-style:normal;font-weight:600\">\ud83d\udd2c<br><br><a href=\"https:\/\/www.ft.uto.edu.bo\/?page_id=433\" data-type=\"page\" data-id=\"433\">REVISTAS PUBLICADAS<\/a><\/h6>\n\n\n\n<h6 class=\"wp-block-heading has-text-align-center has-ast-global-color-4-color has-vivid-red-background-color has-text-color has-background has-link-color wp-elements-4c9dac2e4eeef704dfe3a4ae50981982 wp-container-content-69bc4bdf\" style=\"border-radius:40px;font-style:normal;font-weight:600\">\ud83d\udc69\u200d\ud83c\udfeb<br><br><a href=\"https:\/\/www.ft.uto.edu.bo\/?page_id=442\" data-type=\"page\" data-id=\"442\">FERIA FICTEC<\/a><\/h6>\n<\/div>\n\n\n\n<p class=\"has-text-align-center\">M.Sc. Lic. Wilson Angel Gutierrez Rodriguez <strong> <\/strong><br><strong>JEFE DEL DEPARTAMENTO DE INVESTIGACION&nbsp;CIENT\u00cdFICA FACULTAD T\u00c9CNICA<\/strong><\/p>\n\n\n\n<p class=\"has-text-align-center\"><a href=\"mailto:dicytfactec@gmail.com\" target=\"_blank\" rel=\"noreferrer noopener\"><strong>dicytfactec@gmail.com<\/strong><strong><\/strong><\/a><\/p>\n\n\n\n<p class=\"has-text-align-center\"><a href=\"mailto:vicedecanoft@uto.edu.bo\" target=\"_blank\" rel=\"noreferrer noopener\"><strong>vicedecanoft@uto.edu.bo<\/strong><\/a><\/p>\n\n\n\n<p class=\"has-text-align-center\"><strong>+591 75420200<\/strong><\/p>\n\n\n\n<p class=\"has-text-align-center\"><strong><a href=\"https:\/\/earth.google.com\/web\/data=MjYKNAoyCiAxNDQwSVBWellUeEJ1Y3A3bWs1Tmh1M0JJRTcwU1ZzURIMCgo3ZWIyM2ZlNF8wIAJCAggASggIiNHm0gQQAQ?authuser=0\" data-type=\"link\" data-id=\"https:\/\/earth.google.com\/web\/data=MjYKNAoyCiAxNDQwSVBWellUeEJ1Y3A3bWs1Tmh1M0JJRTcwU1ZzURIMCgo3ZWIyM2ZlNF8wIAJCAggASggIiNHm0gQQAQ?authuser=0\">Dir. of. c. Potosi No.351 entre Campo Jord\u00e1n y Santa Cruz<\/a><\/strong><\/p>\n\n\n\n<p><\/p>\n","protected":false},"excerpt":{"rendered":"<p>MISI\u00d3N Promover, coordinar y desarrollar actividades de investigaci\u00f3n cient\u00edfica, tecnol\u00f3gica e innovaci\u00f3n en las distintas \u00e1reas del conocimiento de la [&hellip;]<\/p>\n","protected":false},"author":1,"featured_media":0,"parent":0,"menu_order":0,"comment_status":"closed","ping_status":"closed","template":"","meta":{"site-sidebar-layout":"default","site-content-layout":"","ast-site-content-layout":"default","site-content-style":"default","site-sidebar-style":"default","ast-global-header-display":"","ast-banner-title-visibility":"","ast-main-header-display":"","ast-hfb-above-header-display":"","ast-hfb-below-header-display":"","ast-hfb-mobile-header-display":"","site-post-title":"disabled","ast-breadcrumbs-content":"","ast-featured-img":"","footer-sml-layout":"","ast-disable-related-posts":"","theme-transparent-header-meta":"","adv-header-id-meta":"","stick-header-meta":"","header-above-stick-meta":"","header-main-stick-meta":"","header-below-stick-meta":"","astra-migrate-meta-layouts":"default","ast-page-background-enabled":"default","ast-page-background-meta":{"desktop":{"background-color":"var(--ast-global-color-5)","background-image":"","background-repeat":"repeat","background-position":"center center","background-size":"auto","background-attachment":"scroll","background-type":"","background-media":"","overlay-type":"","overlay-color":"","overlay-opacity":"","overlay-gradient":""},"tablet":{"background-color":"","background-image":"","background-repeat":"repeat","background-position":"center center","background-size":"auto","background-attachment":"scroll","background-type":"","background-media":"","overlay-type":"","overlay-color":"","overlay-opacity":"","overlay-gradient":""},"mobile":{"background-color":"","background-image":"","background-repeat":"repeat","background-position":"center center","background-size":"auto","background-attachment":"scroll","background-type":"","background-media":"","overlay-type":"","overlay-color":"","overlay-opacity":"","overlay-gradient":""}},"ast-content-background-meta":{"desktop":{"background-color":"var(--ast-global-color-4)","background-image":"","background-repeat":"repeat","background-position":"center center","background-size":"auto","background-attachment":"scroll","background-type":"","background-media":"","overlay-type":"","overlay-color":"","overlay-opacity":"","overlay-gradient":""},"tablet":{"background-color":"var(--ast-global-color-4)","background-image":"","background-repeat":"repeat","background-position":"center center","background-size":"auto","background-attachment":"scroll","background-type":"","background-media":"","overlay-type":"","overlay-color":"","overlay-opacity":"","overlay-gradient":""},"mobile":{"background-color":"var(--ast-global-color-4)","background-image":"","background-repeat":"repeat","background-position":"center center","background-size":"auto","background-attachment":"scroll","background-type":"","background-media":"","overlay-type":"","overlay-color":"","overlay-opacity":"","overlay-gradient":""}},"footnotes":""},"class_list":["post-383","page","type-page","status-publish","hentry"],"_links":{"self":[{"href":"https:\/\/www.ft.uto.edu.bo\/index.php?rest_route=\/wp\/v2\/pages\/383","targetHints":{"allow":["GET"]}}],"collection":[{"href":"https:\/\/www.ft.uto.edu.bo\/index.php?rest_route=\/wp\/v2\/pages"}],"about":[{"href":"https:\/\/www.ft.uto.edu.bo\/index.php?rest_route=\/wp\/v2\/types\/page"}],"author":[{"embeddable":true,"href":"https:\/\/www.ft.uto.edu.bo\/index.php?rest_route=\/wp\/v2\/users\/1"}],"replies":[{"embeddable":true,"href":"https:\/\/www.ft.uto.edu.bo\/index.php?rest_route=%2Fwp%2Fv2%2Fcomments&post=383"}],"version-history":[{"count":20,"href":"https:\/\/www.ft.uto.edu.bo\/index.php?rest_route=\/wp\/v2\/pages\/383\/revisions"}],"predecessor-version":[{"id":450,"href":"https:\/\/www.ft.uto.edu.bo\/index.php?rest_route=\/wp\/v2\/pages\/383\/revisions\/450"}],"wp:attachment":[{"href":"https:\/\/www.ft.uto.edu.bo\/index.php?rest_route=%2Fwp%2Fv2%2Fmedia&parent=383"}],"curies":[{"name":"wp","href":"https:\/\/api.w.org\/{rel}","templated":true}]}}