{"id":433,"date":"2025-09-17T23:13:23","date_gmt":"2025-09-18T03:13:23","guid":{"rendered":"https:\/\/www.ft.uto.edu.bo\/?page_id=433"},"modified":"2025-09-17T23:23:16","modified_gmt":"2025-09-18T03:23:16","slug":"433-2","status":"publish","type":"page","link":"https:\/\/www.ft.uto.edu.bo\/?page_id=433","title":{"rendered":"REVISTAS"},"content":{"rendered":"\n<p><\/p>\n\n\n\n<h1 class=\"wp-block-heading has-text-align-center\" style=\"font-style:normal;font-weight:1000\">PUBLICACIONES Y REVISTAS<\/h1>\n\n\n<div class=\"magazine-container\">\n<h1 class=\"magazine-title\">REVISTA:\u00a0 \u00abT\u00c9CNICA EN ACCI\u00d3N\u00bb<\/h1>\n<ul class=\"issue-list\">\n<li class=\"issue-item\"><a href=\"https:\/\/docs.google.com\/document\/d\/1homNc4segz_oKp5kVq-9tWjAGk1hncjd\/edit\" target=\"_blank\" rel=\"noopener noreferrer\">Primer N\u00famero<br \/><\/a><\/li>\n<li class=\"issue-item\"><a href=\"https:\/\/drive.google.com\/file\/d\/1hT9-ym42c32aqmhpdHypyjeTwJb4P0F5\/view?usp=sharing\" target=\"_blank\" rel=\"noopener noreferrer\">Segundo N\u00famero<br \/><\/a><\/li>\n<li class=\"issue-item\"><a href=\"https:\/\/drive.google.com\/file\/d\/1VmcgOh01t6iA5MxNJzid7e_uSxcVOMSb\/view?usp=sharing\" target=\"_blank\" rel=\"noopener noreferrer\">Tercer N\u00famero<br \/><\/a><\/li>\n<li class=\"issue-item\"><a href=\"https:\/\/drive.google.com\/file\/d\/1VDA2ZOMUdonVG6m-kCHP_9Ei-mP6AlgS\/view?usp=sharing\" target=\"_blank\" rel=\"noopener noreferrer\">Cuarto N\u00famero<br \/><\/a><\/li>\n<\/ul>\n<\/div>\n\n\n<h1 class=\"wp-block-heading\">REVISTA INDEXADA :&nbsp; \u00abHORIZONTE ACAD\u00c9MICO\u00bb<\/h1>\n\n\n\n<p><p style=\"text-align: justify;\">Actualmente, es una revista multidisciplinaria de la Universidad T\u00e9cnica de Oruro, Bolivia, de acceso abierto, de divulgaci\u00f3n cient\u00edfica y cultural que publica investigaci\u00f3n original de alta calidad que haga contribuciones de forma rigurosa a los debates y discusiones del tiempo presente en cualquiera de las \u00e1reas de la investigaci\u00f3n y la academia.&nbsp;<\/p><\/p>\n\n\n\n<p><p style=\"text-align: justify;\">Publica, principalmente, ensayos y art\u00edculos breves revisados por pares (peer review), que tienen por objetivo proporcionar interpretaciones r\u00e1pidas, autorizadas y perspicaces sobre las tendencias actuales y futuras que afectan al pensamiento, la sociedad, la salud, la ciencia, la tecnolog\u00eda y la creaci\u00f3n art\u00edstica y literaria. El prop\u00f3sito de esto es el intercambio f\u00e1cil, \u00e1gil y oportuno de la investigaci\u00f3n y producci\u00f3n acad\u00e9mica de los investigadores y comunidades acad\u00e9micas.<\/p><\/p>\n\n\n\n<p><p style=\"text-align: justify;\">Las contribuciones se reciben en un flujo continuo, propuestas por uno o m\u00e1s autores. Se aceptan contribuciones en portugu\u00e9s, ingl\u00e9s y espa\u00f1ol.<\/p><\/p>\n\n\n\n<p><p style=\"text-align: justify;\">El contenido publicado est\u00e1 dirigido a acad\u00e9micos &#8211; docentes y\/o investigadores &#8211; en Humanidades y Ciencias Sociales; Lenguas y Ciencias Sociales, Ciencias Aplicadas, no limitando el acceso al p\u00fablico de otras \u00e1reas y tambi\u00e9n al p\u00fablico no acad\u00e9mico que est\u00e9 interesado en el debate aqu\u00ed publicado.&nbsp;<\/p><\/p>\n\n\n\n<p><p style=\"text-align: justify;\">Desde su inicio la Revista opt\u00f3 por la presentaci\u00f3n de sus publicaciones con una periodicidad anual, presentando un n\u00famero en su primer volumen del 2021. En el 2022 y 2023, continu\u00f3 con la presentaci\u00f3n de publicaciones anuales presentando un n\u00famero mas en su volumen 2 y 3, siempre en su formato digitalizado.<\/p><\/p>\n\n\n\n<p><p style=\"text-align: justify;\">La Universidad T\u00e9cnica de Oruro, como Editora principal, en el 2024 incorpora a<strong>&nbsp;INDEXA como Co-editora y Alianza Red como entidad de apoyo,<\/strong>&nbsp;para iniciar su proceso de formalizaci\u00f3n ante las instituciones correspondientes, con la solicitud de<strong>&nbsp;DOI e INDEXACIONES A BASES DE DATOS INTERNACIONALES<\/strong>. La revista en su cuarto volumen ha optado por la modificaci\u00f3n de la periodicidad de sus publicaciones presentando as\u00ed su volumen 4 con la presentaci\u00f3n de publicaciones semestrales para el a\u00f1o 2024.<\/p><\/p>\n\n\n\n<p><p style=\"text-align: justify;\">A partir del Volumen 4\/2024, la revista limita al 30% el n\u00famero de publicaciones de investigadores y profesores de la propia instituci\u00f3n en cada edici\u00f3n.&nbsp;<\/p><\/p>\n\n\n\n<p><strong>Frecuencia actual de publicaci\u00f3n de la Revista&nbsp;<\/strong><\/p>\n\n\n\n<p><p style=\"text-align: justify;\">Cuatrimestral, enero-abril, mayo-agosto, septiembre-diciembre. Los n\u00fameros se publican siempre en el\u00a0<strong>\u00faltimo mes del periodo de publicaci\u00f3n<\/strong>, siguiendo la tradici\u00f3n estipulada desde el primer volumen, seg\u00fan su tiempo de preparaci\u00f3n hasta su publicaci\u00f3n.<\/p><\/p>\n\n\n\n<p><p style=\"text-align: justify;\">El enlace para poder ingresar a nuestra revista indexada Horizonte Acad\u00e9mico es el siguiente:&nbsp;&nbsp;<a href=\"https:\/\/horizonteacademico.org\/index.php\/horizonte\/SobrelaRevista\" target=\"_blank\" rel=\"noreferrer noopener\">https:\/\/horizonteacademico.org\/index.php\/horizonte\/SobrelaRevista<\/a><\/p><\/p>\n","protected":false},"excerpt":{"rendered":"<p>PUBLICACIONES Y REVISTAS REVISTA:\u00a0 \u00abT\u00c9CNICA EN ACCI\u00d3N\u00bb Primer N\u00famero Segundo N\u00famero Tercer N\u00famero Cuarto N\u00famero REVISTA INDEXADA :&nbsp; \u00abHORIZONTE ACAD\u00c9MICO\u00bb [&hellip;]<\/p>\n","protected":false},"author":1,"featured_media":0,"parent":0,"menu_order":0,"comment_status":"closed","ping_status":"closed","template":"","meta":{"site-sidebar-layout":"default","site-content-layout":"","ast-site-content-layout":"default","site-content-style":"default","site-sidebar-style":"default","ast-global-header-display":"","ast-banner-title-visibility":"","ast-main-header-display":"","ast-hfb-above-header-display":"","ast-hfb-below-header-display":"","ast-hfb-mobile-header-display":"","site-post-title":"disabled","ast-breadcrumbs-content":"","ast-featured-img":"","footer-sml-layout":"","ast-disable-related-posts":"","theme-transparent-header-meta":"","adv-header-id-meta":"","stick-header-meta":"","header-above-stick-meta":"","header-main-stick-meta":"","header-below-stick-meta":"","astra-migrate-meta-layouts":"default","ast-page-background-enabled":"default","ast-page-background-meta":{"desktop":{"background-color":"var(--ast-global-color-5)","background-image":"","background-repeat":"repeat","background-position":"center center","background-size":"auto","background-attachment":"scroll","background-type":"","background-media":"","overlay-type":"","overlay-color":"","overlay-opacity":"","overlay-gradient":""},"tablet":{"background-color":"","background-image":"","background-repeat":"repeat","background-position":"center center","background-size":"auto","background-attachment":"scroll","background-type":"","background-media":"","overlay-type":"","overlay-color":"","overlay-opacity":"","overlay-gradient":""},"mobile":{"background-color":"","background-image":"","background-repeat":"repeat","background-position":"center center","background-size":"auto","background-attachment":"scroll","background-type":"","background-media":"","overlay-type":"","overlay-color":"","overlay-opacity":"","overlay-gradient":""}},"ast-content-background-meta":{"desktop":{"background-color":"var(--ast-global-color-4)","background-image":"","background-repeat":"repeat","background-position":"center center","background-size":"auto","background-attachment":"scroll","background-type":"","background-media":"","overlay-type":"","overlay-color":"","overlay-opacity":"","overlay-gradient":""},"tablet":{"background-color":"var(--ast-global-color-4)","background-image":"","background-repeat":"repeat","background-position":"center center","background-size":"auto","background-attachment":"scroll","background-type":"","background-media":"","overlay-type":"","overlay-color":"","overlay-opacity":"","overlay-gradient":""},"mobile":{"background-color":"var(--ast-global-color-4)","background-image":"","background-repeat":"repeat","background-position":"center center","background-size":"auto","background-attachment":"scroll","background-type":"","background-media":"","overlay-type":"","overlay-color":"","overlay-opacity":"","overlay-gradient":""}},"footnotes":""},"class_list":["post-433","page","type-page","status-publish","hentry"],"_links":{"self":[{"href":"https:\/\/www.ft.uto.edu.bo\/index.php?rest_route=\/wp\/v2\/pages\/433","targetHints":{"allow":["GET"]}}],"collection":[{"href":"https:\/\/www.ft.uto.edu.bo\/index.php?rest_route=\/wp\/v2\/pages"}],"about":[{"href":"https:\/\/www.ft.uto.edu.bo\/index.php?rest_route=\/wp\/v2\/types\/page"}],"author":[{"embeddable":true,"href":"https:\/\/www.ft.uto.edu.bo\/index.php?rest_route=\/wp\/v2\/users\/1"}],"replies":[{"embeddable":true,"href":"https:\/\/www.ft.uto.edu.bo\/index.php?rest_route=%2Fwp%2Fv2%2Fcomments&post=433"}],"version-history":[{"count":5,"href":"https:\/\/www.ft.uto.edu.bo\/index.php?rest_route=\/wp\/v2\/pages\/433\/revisions"}],"predecessor-version":[{"id":440,"href":"https:\/\/www.ft.uto.edu.bo\/index.php?rest_route=\/wp\/v2\/pages\/433\/revisions\/440"}],"wp:attachment":[{"href":"https:\/\/www.ft.uto.edu.bo\/index.php?rest_route=%2Fwp%2Fv2%2Fmedia&parent=433"}],"curies":[{"name":"wp","href":"https:\/\/api.w.org\/{rel}","templated":true}]}}