{"id":547,"date":"2025-10-01T11:37:40","date_gmt":"2025-10-01T15:37:40","guid":{"rendered":"https:\/\/www.ft.uto.edu.bo\/?page_id=547"},"modified":"2025-10-22T09:02:22","modified_gmt":"2025-10-22T13:02:22","slug":"readmision-estudiantil","status":"publish","type":"page","link":"https:\/\/www.ft.uto.edu.bo\/?page_id=547","title":{"rendered":"READMISION ESTUDIANTIL"},"content":{"rendered":"\n<p><\/p>\n\n\n\n<p><\/p>\n\n\n\n<h1 class=\"wp-block-heading has-text-align-center\" style=\"font-style:normal;font-weight:1000\">READMISI\u00d3N ESTUDIANTIL<\/h1>\n\n\n\n<h4 class=\"wp-block-heading\"><strong>1. Inicio y Requisito Inicial<\/strong><\/h4>\n\n\n\n<p>El estudiante debe ser portador de su <strong>Carnet Universitario Vigente<\/strong>. Necesario para iniciar la solicitud o para cualquier identificaci\u00f3n en los pasos subsiguientes.<\/p>\n\n\n\n<h4 class=\"wp-block-heading\"><strong>2. Tr\u00e1mite en KARDEX (UNIDAD FACULTATIVA)<\/strong><\/h4>\n\n\n\n<p>El estudiante debe dirigirse a la unidad de Kardex de su facultad para realizar los siguientes pasos:<\/p>\n\n\n\n<ol start=\"1\" class=\"wp-block-list\">\n<li><strong>Solicitud de Readmisi\u00f3n:<\/strong> El estudiante presenta formalmente su solicitud para ser readmitido.<\/li>\n\n\n\n<li><strong>Verificaci\u00f3n de Documentaci\u00f3n:<\/strong>\n<ul class=\"wp-block-list\">\n<li><strong>Descripci\u00f3n:<\/strong> Este es un proceso interno donde el personal de Kardex revisa toda la documentaci\u00f3n presentada por el estudiante.<\/li>\n\n\n\n<li><strong>Acci\u00f3n en caso de observaci\u00f3n:<\/strong> Si se encuentra alguna inconsistencia o documento pendiente, el estudiante ser\u00e1 informado para que pueda subsanar la situaci\u00f3n.<\/li>\n<\/ul>\n<\/li>\n\n\n\n<li><strong>Habilitaci\u00f3n e Impresi\u00f3n de Formulario:<\/strong>\n<ul class=\"wp-block-list\">\n<li><strong>Descripci\u00f3n:<\/strong> Una vez verificada y aprobada la documentaci\u00f3n, se procede con la habilitaci\u00f3n del estudiante en el sistema universitario para el proceso de readmisi\u00f3n.<\/li>\n\n\n\n<li><strong>Resultado:<\/strong> Se imprime el formulario oficial de readmisi\u00f3n.<\/li>\n<\/ul>\n<\/li>\n<\/ol>\n\n\n\n<h4 class=\"wp-block-heading\"><strong>3. Pago en CENTROS DE PAGO AUTORIZADOS<\/strong><\/h4>\n\n\n\n<p>Con el formulario de readmisi\u00f3n y la habilitaci\u00f3n en el sistema, el estudiante procede al \u00faltimo paso:<\/p>\n\n\n\n<ol start=\"1\" class=\"wp-block-list\">\n<li><strong>Pago de Matr\u00edcula:<\/strong>\n<ul class=\"wp-block-list\">\n<li><strong>Condici\u00f3n:<\/strong> Una vez confirmada la readmisi\u00f3n y la habilitaci\u00f3n, el estudiante puede cancelar la matr\u00edcula universitaria.<\/li>\n\n\n\n<li><strong>Modalidad de pago:<\/strong> El pago se realiza como \u00abalumno antiguo\u00bb.<\/li>\n\n\n\n<li><strong>Costo:<\/strong> El valor de la readmisi\u00f3n se inserta en el monto total de la matr\u00edcula, conforme al cronograma de matriculaci\u00f3n establecido por la universidad.<\/li>\n<\/ul>\n<\/li>\n<\/ol>\n\n\n\n<p>El proceso culmina una vez realizado el pago.<\/p>\n\n\n\n<p><\/p>\n","protected":false},"excerpt":{"rendered":"<p>READMISI\u00d3N ESTUDIANTIL 1. Inicio y Requisito Inicial El estudiante debe ser portador de su Carnet Universitario Vigente. Necesario para iniciar [&hellip;]<\/p>\n","protected":false},"author":1,"featured_media":0,"parent":0,"menu_order":0,"comment_status":"closed","ping_status":"closed","template":"","meta":{"site-sidebar-layout":"default","site-content-layout":"","ast-site-content-layout":"default","site-content-style":"default","site-sidebar-style":"default","ast-global-header-display":"","ast-banner-title-visibility":"","ast-main-header-display":"","ast-hfb-above-header-display":"","ast-hfb-below-header-display":"","ast-hfb-mobile-header-display":"","site-post-title":"disabled","ast-breadcrumbs-content":"","ast-featured-img":"","footer-sml-layout":"","ast-disable-related-posts":"","theme-transparent-header-meta":"","adv-header-id-meta":"","stick-header-meta":"","header-above-stick-meta":"","header-main-stick-meta":"","header-below-stick-meta":"","astra-migrate-meta-layouts":"default","ast-page-background-enabled":"default","ast-page-background-meta":{"desktop":{"background-color":"var(--ast-global-color-5)","background-image":"","background-repeat":"repeat","background-position":"center center","background-size":"auto","background-attachment":"scroll","background-type":"","background-media":"","overlay-type":"","overlay-color":"","overlay-opacity":"","overlay-gradient":""},"tablet":{"background-color":"","background-image":"","background-repeat":"repeat","background-position":"center center","background-size":"auto","background-attachment":"scroll","background-type":"","background-media":"","overlay-type":"","overlay-color":"","overlay-opacity":"","overlay-gradient":""},"mobile":{"background-color":"","background-image":"","background-repeat":"repeat","background-position":"center center","background-size":"auto","background-attachment":"scroll","background-type":"","background-media":"","overlay-type":"","overlay-color":"","overlay-opacity":"","overlay-gradient":""}},"ast-content-background-meta":{"desktop":{"background-color":"var(--ast-global-color-4)","background-image":"","background-repeat":"repeat","background-position":"center center","background-size":"auto","background-attachment":"scroll","background-type":"","background-media":"","overlay-type":"","overlay-color":"","overlay-opacity":"","overlay-gradient":""},"tablet":{"background-color":"var(--ast-global-color-4)","background-image":"","background-repeat":"repeat","background-position":"center center","background-size":"auto","background-attachment":"scroll","background-type":"","background-media":"","overlay-type":"","overlay-color":"","overlay-opacity":"","overlay-gradient":""},"mobile":{"background-color":"var(--ast-global-color-4)","background-image":"","background-repeat":"repeat","background-position":"center center","background-size":"auto","background-attachment":"scroll","background-type":"","background-media":"","overlay-type":"","overlay-color":"","overlay-opacity":"","overlay-gradient":""}},"footnotes":""},"class_list":["post-547","page","type-page","status-publish","hentry"],"_links":{"self":[{"href":"https:\/\/www.ft.uto.edu.bo\/index.php?rest_route=\/wp\/v2\/pages\/547","targetHints":{"allow":["GET"]}}],"collection":[{"href":"https:\/\/www.ft.uto.edu.bo\/index.php?rest_route=\/wp\/v2\/pages"}],"about":[{"href":"https:\/\/www.ft.uto.edu.bo\/index.php?rest_route=\/wp\/v2\/types\/page"}],"author":[{"embeddable":true,"href":"https:\/\/www.ft.uto.edu.bo\/index.php?rest_route=\/wp\/v2\/users\/1"}],"replies":[{"embeddable":true,"href":"https:\/\/www.ft.uto.edu.bo\/index.php?rest_route=%2Fwp%2Fv2%2Fcomments&post=547"}],"version-history":[{"count":4,"href":"https:\/\/www.ft.uto.edu.bo\/index.php?rest_route=\/wp\/v2\/pages\/547\/revisions"}],"predecessor-version":[{"id":1046,"href":"https:\/\/www.ft.uto.edu.bo\/index.php?rest_route=\/wp\/v2\/pages\/547\/revisions\/1046"}],"wp:attachment":[{"href":"https:\/\/www.ft.uto.edu.bo\/index.php?rest_route=%2Fwp%2Fv2%2Fmedia&parent=547"}],"curies":[{"name":"wp","href":"https:\/\/api.w.org\/{rel}","templated":true}]}}