{"id":606,"date":"2025-10-05T18:01:01","date_gmt":"2025-10-05T22:01:01","guid":{"rendered":"https:\/\/www.ft.uto.edu.bo\/?page_id=606"},"modified":"2025-11-27T19:07:06","modified_gmt":"2025-11-27T23:07:06","slug":"facultad","status":"publish","type":"page","link":"https:\/\/www.ft.uto.edu.bo\/?page_id=606","title":{"rendered":"FACULTAD"},"content":{"rendered":"\n<p><\/p>\n\n\n\n<p><\/p>\n\n\n<div class=\"container\">\n<section id=\"about-us\">\n<h2>\u00bfQui\u00e9nes Somos?<\/h2>\n<div class=\"content-box\">\n<p>La Facultad T\u00e9cnica fue <strong>creada el 18 de marzo de 1940<\/strong>, por el Dr. Francisco Fajardo, Rector de la Universidad T\u00e9cnica de Oruro. Desde sus inicios fue cambiando de nombre y adopta el actual a partir del <strong>17 de julio de 1985<\/strong>.<\/p>\n<p>Esta Instituci\u00f3n Acad\u00e9mica desde sus or\u00edgenes ha estado dedicada a formar profesionales t\u00e9cnicos comprometidos con el desarrollo de la regi\u00f3n y el pa\u00eds, con distintos niveles de formaci\u00f3n acad\u00e9mica como el de t\u00e9cnico con grado oficios, T\u00e9cnicos, T\u00e9cnico Industrial, T\u00e9cnico Medio, Perito Industrial, Bachiller Industrial, Licenciado T\u00e9cnico y T\u00e9cnico Superior.<\/p>\n<p>El 17 de Julio de 1985, mediante resoluci\u00f3n de HCU., 068\/85, se denomina Facultad T\u00e9cnica. Mediante Resoluci\u00f3n H.C.U. 10\/08 de 17 de abril de 2008, se aprueba el dise\u00f1o curricular, a partir del semestre 1\/2008 en forma gradual y sistem\u00e1tica.<\/p>\n<\/div>\n<\/section>\n<div class=\"mission-vision-grid\">\n<section id=\"mission\">\n<h2>MISI\u00d3N<\/h2>\n<blockquote>\n<p>Formar profesionales t\u00e9cnicos \u00edntegros, de excelencia con formaci\u00f3n cient\u00edfico-t\u00e9cnica y tecnol\u00f3gica, capaces de responder y satisfacer a las necesidades del sector productivo regional y nacional, generadores de unidades productivas y de servicios, comprometidos con el desarrollo sostenible.<\/p>\n<\/blockquote>\n<\/section>\n<section id=\"vision\">\n<h2>VISI\u00d3N<\/h2>\n<blockquote>\n<p>La Facultad T\u00e9cnica es una Unidad Acad\u00e9mica dependiente de la Universidad T\u00e9cnica de Oruro, modelo en la formaci\u00f3n de profesionales t\u00e9cnicos con excelencia acad\u00e9mica, cr\u00edticos y reflexivos, innovadores y emprendedores; que contribuyen efectivamente al desarrollo y fortalecimiento de la industria regional y nacional.<\/p>\n<\/blockquote>\n<\/section>\n<\/div>\n<section id=\"authorities\">\n<h1 class=\"main-title\" style=\"text-align: center;\"><strong>AUTORIDADES FACULTATIVAS<\/strong><\/h1>\n<p class=\"subtitle\" style=\"text-align: center;\">GESTI\u00d3N 2025 &#8211; 2027<\/p>\n<div class=\"authorities-grid\">\n<div class=\"authority-card\"><img decoding=\"async\" src=\"https:\/\/www.ft.uto.edu.bo\/wp-content\/uploads\/2025\/07\/25-07-25-dec-profile-pic.webp\" alt=\"Foto de MSc. Lic. Salvador Rom\u00e1n Mollo Luna\" \/>\n<h3>MSc. Lic. Salvador Rom\u00e1n Mollo Luna<\/h3>\n<p class=\"title\">Decano<\/p>\n<\/div>\n<div class=\"authority-card\"><img decoding=\"async\" src=\"https:\/\/www.ft.uto.edu.bo\/wp-content\/uploads\/2025\/07\/25-07-25-vdec-profile-pic.webp\" alt=\"Foto de Lic. Irineo Ren\u00e9 Ajhuacho Pinaya\" \/>\n<h3>Lic. Irineo Ren\u00e9 Ajhuacho Pinaya<\/h3>\n<p class=\"title\">Vicedecano<\/p>\n<\/div>\n<div class=\"authority-card\"><img decoding=\"async\" src=\"https:\/\/www.ft.uto.edu.bo\/wp-content\/uploads\/2025\/07\/25-07-25-BAS-DIREC-bas-PIC-profile-enh.webp\" alt=\"Foto de Lic. Edwin Ren\u00e9 Salazar\" \/>\n<h3>Lic. Edwin Ren\u00e9 Salazar<\/h3>\n<p class=\"title\">Director Depto. Asignaturas B\u00e1sicas<\/p>\n<\/div>\n<div class=\"authority-card\"><img decoding=\"async\" src=\"https:\/\/www.ft.uto.edu.bo\/wp-content\/uploads\/2025\/07\/25-07-25-BAS-DIREC-PIC-profile-MARCELO-S-enh.webp\" alt=\"Foto de Lic. Marcelo Henry Salgueiro Flores\" \/>\n<h3>Lic. Marcelo Henry Salgueiro Flores<\/h3>\n<p class=\"title\">Director Carrera Construcciones Civiles<\/p>\n<\/div>\n<div class=\"authority-card\"><img loading=\"lazy\" decoding=\"async\" class=\"alignnone size-medium wp-image-1121\" src=\"https:\/\/www.ft.uto.edu.bo\/wp-content\/uploads\/2025\/11\/25-07-25-FT-ELT-DIREC-PIC-profile-enh-copy-300x300.webp\" alt=\"\" width=\"300\" height=\"300\" srcset=\"https:\/\/www.ft.uto.edu.bo\/wp-content\/uploads\/2025\/11\/25-07-25-FT-ELT-DIREC-PIC-profile-enh-copy-300x300.webp 300w, https:\/\/www.ft.uto.edu.bo\/wp-content\/uploads\/2025\/11\/25-07-25-FT-ELT-DIREC-PIC-profile-enh-copy-150x150.webp 150w, https:\/\/www.ft.uto.edu.bo\/wp-content\/uploads\/2025\/11\/25-07-25-FT-ELT-DIREC-PIC-profile-enh-copy.webp 500w\" sizes=\"auto, (max-width: 300px) 100vw, 300px\" \/>\n<h3>T.S. Ren\u00e9 Marcelino Delgado Salazar<\/h3>\n<p class=\"title\">Director a.i. Carrera Mec\u00e1nica \/ Electromec\u00e1nica<\/p>\n<\/div>\n<div class=\"authority-card\"><img decoding=\"async\" src=\"https:\/\/www.ft.uto.edu.bo\/wp-content\/uploads\/2025\/09\/25-05-27-profile-pic-elt-victor2.webp\" alt=\"Foto de Lic. Victor Hinojosa Cruz\" \/>\n<h3>Lic. Victor Hinojosa Cruz<\/h3>\n<p class=\"title\">Director Carrera Electricidad Industrial<\/p>\n<\/div>\n<div class=\"authority-card\"><img decoding=\"async\" src=\"https:\/\/www.ft.uto.edu.bo\/wp-content\/uploads\/2025\/09\/25-05-27-profile-pic-director-maz.webp\" alt=\"Foto de Lic. Ramiro Hip\u00f3lito Bohorquez Qui\u00f1onez\" \/>\n<h3>Lic. Ramiro Hip\u00f3lito Bohorquez Qui\u00f1onez<\/h3>\n<p class=\"title\">Director Carrera Mec\u00e1nica Automotriz<\/p>\n<\/div>\n<div class=\"authority-card\"><img decoding=\"async\" src=\"https:\/\/www.ft.uto.edu.bo\/wp-content\/uploads\/2025\/09\/25-05-27-profile-pic-director-qmc.webp\" alt=\"Foto de Lic. Roxana Mart\u00ednez Calder\u00f3n\" \/>\n<h3>Lic. Roxana Mart\u00ednez Calder\u00f3n<\/h3>\n<p class=\"title\">Directora Carrera Qu\u00edmica Industrial<\/p>\n<\/div>\n<\/div>\n<\/section>\n<\/div>","protected":false},"excerpt":{"rendered":"<p>\u00bfQui\u00e9nes Somos? La Facultad T\u00e9cnica fue creada el 18 de marzo de 1940, por el Dr. Francisco Fajardo, Rector de [&hellip;]<\/p>\n","protected":false},"author":1,"featured_media":0,"parent":0,"menu_order":0,"comment_status":"closed","ping_status":"closed","template":"","meta":{"site-sidebar-layout":"default","site-content-layout":"","ast-site-content-layout":"default","site-content-style":"default","site-sidebar-style":"default","ast-global-header-display":"","ast-banner-title-visibility":"","ast-main-header-display":"","ast-hfb-above-header-display":"","ast-hfb-below-header-display":"","ast-hfb-mobile-header-display":"","site-post-title":"disabled","ast-breadcrumbs-content":"","ast-featured-img":"","footer-sml-layout":"","ast-disable-related-posts":"","theme-transparent-header-meta":"","adv-header-id-meta":"","stick-header-meta":"","header-above-stick-meta":"","header-main-stick-meta":"","header-below-stick-meta":"","astra-migrate-meta-layouts":"default","ast-page-background-enabled":"default","ast-page-background-meta":{"desktop":{"background-color":"var(--ast-global-color-5)","background-image":"","background-repeat":"repeat","background-position":"center center","background-size":"auto","background-attachment":"scroll","background-type":"","background-media":"","overlay-type":"","overlay-color":"","overlay-opacity":"","overlay-gradient":""},"tablet":{"background-color":"","background-image":"","background-repeat":"repeat","background-position":"center center","background-size":"auto","background-attachment":"scroll","background-type":"","background-media":"","overlay-type":"","overlay-color":"","overlay-opacity":"","overlay-gradient":""},"mobile":{"background-color":"","background-image":"","background-repeat":"repeat","background-position":"center center","background-size":"auto","background-attachment":"scroll","background-type":"","background-media":"","overlay-type":"","overlay-color":"","overlay-opacity":"","overlay-gradient":""}},"ast-content-background-meta":{"desktop":{"background-color":"var(--ast-global-color-4)","background-image":"","background-repeat":"repeat","background-position":"center center","background-size":"auto","background-attachment":"scroll","background-type":"","background-media":"","overlay-type":"","overlay-color":"","overlay-opacity":"","overlay-gradient":""},"tablet":{"background-color":"var(--ast-global-color-4)","background-image":"","background-repeat":"repeat","background-position":"center center","background-size":"auto","background-attachment":"scroll","background-type":"","background-media":"","overlay-type":"","overlay-color":"","overlay-opacity":"","overlay-gradient":""},"mobile":{"background-color":"var(--ast-global-color-4)","background-image":"","background-repeat":"repeat","background-position":"center center","background-size":"auto","background-attachment":"scroll","background-type":"","background-media":"","overlay-type":"","overlay-color":"","overlay-opacity":"","overlay-gradient":""}},"footnotes":""},"class_list":["post-606","page","type-page","status-publish","hentry"],"_links":{"self":[{"href":"https:\/\/www.ft.uto.edu.bo\/index.php?rest_route=\/wp\/v2\/pages\/606","targetHints":{"allow":["GET"]}}],"collection":[{"href":"https:\/\/www.ft.uto.edu.bo\/index.php?rest_route=\/wp\/v2\/pages"}],"about":[{"href":"https:\/\/www.ft.uto.edu.bo\/index.php?rest_route=\/wp\/v2\/types\/page"}],"author":[{"embeddable":true,"href":"https:\/\/www.ft.uto.edu.bo\/index.php?rest_route=\/wp\/v2\/users\/1"}],"replies":[{"embeddable":true,"href":"https:\/\/www.ft.uto.edu.bo\/index.php?rest_route=%2Fwp%2Fv2%2Fcomments&post=606"}],"version-history":[{"count":8,"href":"https:\/\/www.ft.uto.edu.bo\/index.php?rest_route=\/wp\/v2\/pages\/606\/revisions"}],"predecessor-version":[{"id":1122,"href":"https:\/\/www.ft.uto.edu.bo\/index.php?rest_route=\/wp\/v2\/pages\/606\/revisions\/1122"}],"wp:attachment":[{"href":"https:\/\/www.ft.uto.edu.bo\/index.php?rest_route=%2Fwp%2Fv2%2Fmedia&parent=606"}],"curies":[{"name":"wp","href":"https:\/\/api.w.org\/{rel}","templated":true}]}}